{"id":42194,"date":"2024-07-15T14:55:10","date_gmt":"2024-07-15T11:55:10","guid":{"rendered":"https:\/\/www.vilniuskc.lt\/liaudiskos-muzikos-ansamblis-kankleliai\/"},"modified":"2025-10-11T23:29:06","modified_gmt":"2025-10-11T20:29:06","slug":"folk-music-ensemble-kankleliai","status":"publish","type":"page","link":"https:\/\/www.vilniuskc.lt\/en\/folk-music-ensemble-kankleliai\/","title":{"rendered":"Folk music ensemble &#8220;Kankleliai&#8221;"},"content":{"rendered":"<p><img decoding=\"async\" class=\"aligncenter wp-image-16624 size-large\" src=\"https:\/\/www.vilniuskc.lt\/wp-content\/uploads\/2024\/08\/6-1024x471.jpg\" alt=\"\" width=\"1024\" height=\"471\" srcset=\"https:\/\/www.vilniuskc.lt\/wp-content\/uploads\/2024\/08\/6-1024x471.jpg 1024w, https:\/\/www.vilniuskc.lt\/wp-content\/uploads\/2024\/08\/6-300x138.jpg 300w, https:\/\/www.vilniuskc.lt\/wp-content\/uploads\/2024\/08\/6-768x353.jpg 768w, https:\/\/www.vilniuskc.lt\/wp-content\/uploads\/2024\/08\/6-24x11.jpg 24w, https:\/\/www.vilniuskc.lt\/wp-content\/uploads\/2024\/08\/6-36x17.jpg 36w, https:\/\/www.vilniuskc.lt\/wp-content\/uploads\/2024\/08\/6-120x55.jpg 120w, https:\/\/www.vilniuskc.lt\/wp-content\/uploads\/2024\/08\/6.jpg 1100w\" sizes=\"(max-width: 1024px) 100vw, 1024px\" \/><\/p>\n<p style=\"text-align: justify;\">The ensemble, founded in 1969 by kankle player Daiva \u010ci\u010dinskien\u0117, brings together people of different generations and professions, who are united by their love for Lithuanian folk vocal, instrumental, and religious music.<\/p>\n<p style=\"text-align: justify;\">Fostering national identity, music-making, and community are the way of life of the members of the ensemble \u201cKankleliai\u201d. What could be more beautiful and noble than the creative heritage of Lithuanian songs, folk songs, instrumental music, and historical figures of Lithuanian culture (A. Viena\u017eindis, L. R\u0117za, M. Dauk\u0161a, V. Kudirka, J. Basanavi\u010dius, etc.) and its meaningfulness.<\/p>\n<div><\/div>\n<div><span style=\"font-size: 10pt;\">Manager\u00a0 Daiva \u010ci\u010dinskien\u0117<\/span><\/div>\n","protected":false},"excerpt":{"rendered":"<p>The ensemble, founded in 1969 by kankle player Daiva \u010ci\u010dinskien\u0117, brings together people of different generations and professions, who are united by their love for Lithuanian folk vocal, instrumental, and religious music. Fostering national identity, music-making, and community are the way of life of the members of the ensemble \u201cKankleliai\u201d. What could be more beautiful [&hellip;]<\/p>\n","protected":false},"author":4,"featured_media":0,"parent":0,"menu_order":0,"comment_status":"closed","ping_status":"closed","template":"","meta":{"footnotes":""},"class_list":["post-42194","page","type-page","status-publish","hentry"],"_links":{"self":[{"href":"https:\/\/www.vilniuskc.lt\/en\/wp-json\/wp\/v2\/pages\/42194","targetHints":{"allow":["GET"]}}],"collection":[{"href":"https:\/\/www.vilniuskc.lt\/en\/wp-json\/wp\/v2\/pages"}],"about":[{"href":"https:\/\/www.vilniuskc.lt\/en\/wp-json\/wp\/v2\/types\/page"}],"author":[{"embeddable":true,"href":"https:\/\/www.vilniuskc.lt\/en\/wp-json\/wp\/v2\/users\/4"}],"replies":[{"embeddable":true,"href":"https:\/\/www.vilniuskc.lt\/en\/wp-json\/wp\/v2\/comments?post=42194"}],"version-history":[{"count":3,"href":"https:\/\/www.vilniuskc.lt\/en\/wp-json\/wp\/v2\/pages\/42194\/revisions"}],"predecessor-version":[{"id":42238,"href":"https:\/\/www.vilniuskc.lt\/en\/wp-json\/wp\/v2\/pages\/42194\/revisions\/42238"}],"wp:attachment":[{"href":"https:\/\/www.vilniuskc.lt\/en\/wp-json\/wp\/v2\/media?parent=42194"}],"curies":[{"name":"wp","href":"https:\/\/api.w.org\/{rel}","templated":true}]}}