{"id":42204,"date":"2024-07-15T14:58:13","date_gmt":"2024-07-15T11:58:13","guid":{"rendered":"https:\/\/www.vilniuskc.lt\/moteru-choras-aidas\/"},"modified":"2025-10-11T23:34:41","modified_gmt":"2025-10-11T20:34:41","slug":"womens-choir-aidas","status":"publish","type":"page","link":"https:\/\/www.vilniuskc.lt\/en\/womens-choir-aidas\/","title":{"rendered":"Women&#8217;s choir &#8220;Aidas&#8221;"},"content":{"rendered":"<p><img decoding=\"async\" class=\"aligncenter wp-image-16639 size-large\" src=\"https:\/\/www.vilniuskc.lt\/wp-content\/uploads\/2024\/08\/12-1024x682.jpg\" alt=\"\" width=\"1024\" height=\"682\" srcset=\"https:\/\/www.vilniuskc.lt\/wp-content\/uploads\/2024\/08\/12-1024x682.jpg 1024w, https:\/\/www.vilniuskc.lt\/wp-content\/uploads\/2024\/08\/12-300x200.jpg 300w, https:\/\/www.vilniuskc.lt\/wp-content\/uploads\/2024\/08\/12-768x512.jpg 768w, https:\/\/www.vilniuskc.lt\/wp-content\/uploads\/2024\/08\/12-24x16.jpg 24w, https:\/\/www.vilniuskc.lt\/wp-content\/uploads\/2024\/08\/12-36x24.jpg 36w, https:\/\/www.vilniuskc.lt\/wp-content\/uploads\/2024\/08\/12-99x66.jpg 99w, https:\/\/www.vilniuskc.lt\/wp-content\/uploads\/2024\/08\/12.jpg 1100w\" sizes=\"(max-width: 1024px) 100vw, 1024px\" \/><\/p>\n<p style=\"text-align: justify;\">The choir, founded in 1958 and consisting exclusively of women and girls, has been the joy and concern of its director for 21 years. It is like a wonderful, ever-changing plant \u2013 it grows, blooms and becomes more beautiful. The members of the choir are united by female solidarity, a desire to improve, sing, perform, travel and make friends.<\/p>\n<div class=\"row\">\n<div class=\"col-lg-9\">\n<p><strong><br \/>\n<\/strong><span style=\"font-size: 10pt;\">Manager\u00a0 Lina Blebait\u0117-Ma\u010diulien\u0117<\/span><br \/>\n<span style=\"font-size: 10pt;\">E-mail:\u00a0 \u00a0<em>choras.aidas@gmail.com<\/em><\/span><\/p>\n<\/div>\n<\/div>\n","protected":false},"excerpt":{"rendered":"<p>The choir, founded in 1958 and consisting exclusively of women and girls, has been the joy and concern of its director for 21 years. It is like a wonderful, ever-changing plant \u2013 it grows, blooms and becomes more beautiful. The members of the choir are united by female solidarity, a desire to improve, sing, perform, [&hellip;]<\/p>\n","protected":false},"author":4,"featured_media":0,"parent":0,"menu_order":0,"comment_status":"closed","ping_status":"closed","template":"","meta":{"footnotes":""},"class_list":["post-42204","page","type-page","status-publish","hentry"],"_links":{"self":[{"href":"https:\/\/www.vilniuskc.lt\/en\/wp-json\/wp\/v2\/pages\/42204","targetHints":{"allow":["GET"]}}],"collection":[{"href":"https:\/\/www.vilniuskc.lt\/en\/wp-json\/wp\/v2\/pages"}],"about":[{"href":"https:\/\/www.vilniuskc.lt\/en\/wp-json\/wp\/v2\/types\/page"}],"author":[{"embeddable":true,"href":"https:\/\/www.vilniuskc.lt\/en\/wp-json\/wp\/v2\/users\/4"}],"replies":[{"embeddable":true,"href":"https:\/\/www.vilniuskc.lt\/en\/wp-json\/wp\/v2\/comments?post=42204"}],"version-history":[{"count":3,"href":"https:\/\/www.vilniuskc.lt\/en\/wp-json\/wp\/v2\/pages\/42204\/revisions"}],"predecessor-version":[{"id":42245,"href":"https:\/\/www.vilniuskc.lt\/en\/wp-json\/wp\/v2\/pages\/42204\/revisions\/42245"}],"wp:attachment":[{"href":"https:\/\/www.vilniuskc.lt\/en\/wp-json\/wp\/v2\/media?parent=42204"}],"curies":[{"name":"wp","href":"https:\/\/api.w.org\/{rel}","templated":true}]}}